{"id":202,"date":"2023-04-25T07:35:11","date_gmt":"2023-04-25T05:35:11","guid":{"rendered":"https:\/\/lvarog41.sg-host.com\/inicio\/"},"modified":"2024-06-28T15:54:02","modified_gmt":"2024-06-28T13:54:02","slug":"inicio","status":"publish","type":"page","link":"https:\/\/www.soundworks.es\/ca\/","title":{"rendered":"Inicio"},"content":{"rendered":"\n        <div id=\"nav-icon3\">\n            <span><\/span>\n            <span><\/span>\n            <span><\/span>\n            <span><\/span>\n        <\/div>\n        \n\n\n\n<div id=\"video-home\" class=\"wp-block-group\"><div class=\"wp-block-group__inner-container is-layout-constrained wp-block-group-is-layout-constrained\">\n<figure id=\"video-element\" class=\"wp-block-video\"><video src=\"https:\/\/www.soundworks.es\/wp-content\/uploads\/2023\/04\/Soundworks-V-CORTA-Logo.mp4\"><\/video><\/figure>\n\n\n\n<div class=\"wp-block-group volume\"><div class=\"wp-block-group__inner-container is-layout-constrained wp-block-group-is-layout-constrained\">\n<figure class=\"wp-block-image size-large yes\"><img decoding=\"async\" src=\"https:\/\/www.soundworks.es\/wp-content\/uploads\/2023\/04\/video-intro-sound-yes.svg\" alt=\"\"\/><\/figure>\n\n\n\n<figure class=\"wp-block-image size-large no\"><img decoding=\"async\" src=\"https:\/\/www.soundworks.es\/wp-content\/uploads\/2023\/04\/video-intro-sound-no.svg\" alt=\"\"\/><\/figure>\n<\/div><\/div>\n\n\n\n<figure class=\"wp-block-image size-large play-img\"><img decoding=\"async\" src=\"https:\/\/www.soundworks.es\/wp-content\/uploads\/2023\/04\/video-intro-play.svg\" alt=\"\"\/><\/figure>\n\n\n\n<p class=\"skip-intro\">SKIP INTRO<\/p>\n<\/div><\/div>\n\n\n\n<div id=\"home-images-block\" class=\"wp-block-group\"><div class=\"wp-block-group__inner-container is-layout-constrained wp-block-group-is-layout-constrained\">\n<div class=\"wp-block-group\"><div class=\"wp-block-group__inner-container is-layout-constrained wp-block-group-is-layout-constrained\">\n<h2 class=\"wp-block-heading tit\" id=\"soundworks\">soundworks<\/h2>\n\n\n\n<div class=\"wp-block-group\"><div class=\"wp-block-group__inner-container is-layout-constrained wp-block-group-is-layout-constrained\">\n<div class=\"wp-block-columns is-layout-flex wp-container-core-columns-is-layout-9d6595d7 wp-block-columns-is-layout-flex\">\n<div class=\"wp-block-column is-layout-flow wp-block-column-is-layout-flow\">\n<figure class=\"wp-block-image size-large\"><img decoding=\"async\" src=\"https:\/\/www.soundworks.es\/wp-content\/uploads\/2023\/04\/foto-1-portada-1-id82-1.jpg\" alt=\"\"\/><\/figure>\n\n\n\n<h3 class=\"wp-block-heading hea\">Making your event an occasion.<\/h3>\n\n\n\n<p class=\"par\">Soundworks \u00e9s una empresa d&#8217;esdeveniments amb seu a Barcelona. La companyia t\u00e9 una \u00e0mplia experi\u00e8ncia organitzant i muntant tot tipus d&#8217;esdeveniments, des de llan\u00e7aments internacionals de productes fins a grans festes privades. Soundworks ofereix un servei personal adaptat a les necessitats de qualsevol esdeveniment. Siguin quins siguin els requisits, proporcionem i realitzem els nostres serveis d\u2019una manera professional i eficient.<\/p>\n<\/div>\n\n\n\n<div class=\"wp-block-column second is-layout-flow wp-block-column-is-layout-flow\">\n<figure class=\"wp-block-image size-large\"><img decoding=\"async\" src=\"https:\/\/www.soundworks.es\/wp-content\/uploads\/2023\/04\/foto-3-portada-2-id84-1-1024x682.jpg\" alt=\"\"\/><\/figure>\n<\/div>\n\n\n\n<div class=\"wp-block-column is-layout-flow wp-block-column-is-layout-flow\">\n<figure class=\"wp-block-image size-large\"><img decoding=\"async\" src=\"https:\/\/www.soundworks.es\/wp-content\/uploads\/2023\/04\/foto-2-portada-3-id85-1-1024x802.jpg\" alt=\"\"\/><\/figure>\n<\/div>\n<\/div>\n<\/div><\/div>\n<\/div><\/div>\n\n\n\n<div class=\"wp-block-group\"><div class=\"wp-block-group__inner-container is-layout-constrained wp-block-group-is-layout-constrained\">\n<h2 class=\"wp-block-heading tit\" id=\"audiovisuales\">ofereix serveis audiovisuals,<\/h2>\n\n\n\n<div class=\"wp-block-group\"><div class=\"wp-block-group__inner-container is-layout-constrained wp-block-group-is-layout-constrained\">\n<div class=\"wp-block-columns is-layout-flex wp-container-core-columns-is-layout-9d6595d7 wp-block-columns-is-layout-flex\">\n<div class=\"wp-block-column is-layout-flow wp-block-column-is-layout-flow\">\n<figure class=\"wp-block-image size-large\"><img decoding=\"async\" src=\"https:\/\/www.soundworks.es\/wp-content\/uploads\/2023\/04\/IMG_1449-id64-1-1024x683.jpg\" alt=\"\"\/><\/figure>\n\n\n\n<h3 class=\"wp-block-heading hea\">La il\u00b7luminaci\u00f3 transforma els espais.<\/h3>\n\n\n\n<p class=\"par\">La il\u00b7luminaci\u00f3&nbsp;pot donar vida a una \u00e0rea determinada o atreure l&#8217;atenci\u00f3 cap a un espai concret. Soundworks dona assessorament i aporta la il\u00b7luminaci\u00f3 necess\u00e0ria per crear un aspecte adequat a qualsevol lloc..<\/p>\n<\/div>\n\n\n\n<div class=\"wp-block-column is-layout-flow wp-block-column-is-layout-flow\">\n<figure class=\"wp-block-image size-large\"><img decoding=\"async\" src=\"https:\/\/www.soundworks.es\/wp-content\/uploads\/2023\/04\/MG_0267-1-id65-1-1024x683.jpg\" alt=\"\"\/><\/figure>\n\n\n\n<h3 class=\"wp-block-heading hea\">Les projeccions donen car\u00e0cter.<\/h3>\n\n\n\n<p class=\"par\">Les projeccions configuren l\u2019ambient d&#8217;una festa i hi donen personalitat i vida. Tamb\u00e9 afegeixen profunditat i detall al discurs per atreure el p\u00fablic.<\/p>\n<\/div>\n\n\n\n<div class=\"wp-block-column is-layout-flow wp-block-column-is-layout-flow\">\n<figure class=\"wp-block-image size-large\"><img decoding=\"async\" src=\"https:\/\/www.soundworks.es\/wp-content\/uploads\/2023\/04\/SBE_4753-copia-id78-1-1024x682.jpg\" alt=\"\"\/><\/figure>\n\n\n\n<h3 class=\"wp-block-heading hea\">El so ens defineix.<\/h3>\n\n\n\n<p class=\"par\">Cada esdeveniment \u00e9s \u00fanic i aconseguir el so correcte perqu\u00e8 sigui aix\u00ed demana omplir l\u2019espai de la profunditat, la claredat i el volum adequats de so. Soundworks disposa d&#8217;una gamma de sistemes de PA per satisfer amb precisi\u00f3 aquestes necessitats.<\/p>\n<\/div>\n<\/div>\n<\/div><\/div>\n<\/div><\/div>\n\n\n\n<div class=\"wp-block-group\"><div class=\"wp-block-group__inner-container is-layout-constrained wp-block-group-is-layout-constrained\">\n<h2 class=\"wp-block-heading tit\" id=\"musica\">m\u00fasica,<\/h2>\n\n\n\n<div class=\"wp-block-group\"><div class=\"wp-block-group__inner-container is-layout-constrained wp-block-group-is-layout-constrained\">\n<div class=\"wp-block-columns is-layout-flex wp-container-core-columns-is-layout-9d6595d7 wp-block-columns-is-layout-flex\">\n<div class=\"wp-block-column is-layout-flow wp-block-column-is-layout-flow\">\n<figure class=\"wp-block-image size-large\"><img decoding=\"async\" src=\"https:\/\/www.soundworks.es\/wp-content\/uploads\/2023\/04\/CCIB-6-id37-1-1024x680.jpg\" alt=\"\"\/><\/figure>\n\n\n\n<h3 class=\"wp-block-heading hea\">La m\u00fasica anima els esdeveniments.<\/h3>\n\n\n\n<p class=\"par\">Els DJ estableixen el to i el tempo d&#8217;un esdeveniment. Han de saber quan ser discrets i portar un ritme tranquil i quan omplir la pista de ball. Comprendre l\u2019estat d\u2019\u00e0nim i les necessitats d\u2019una sala de persones sovint molt diferents i adaptar-s\u2019hi \u00e9s una cosa que requereix tant habilitat com experi\u00e8ncia.<\/p>\n<\/div>\n\n\n\n<div class=\"wp-block-column is-layout-flow wp-block-column-is-layout-flow\">\n<figure class=\"wp-block-image size-large\"><img decoding=\"async\" src=\"https:\/\/www.soundworks.es\/wp-content\/uploads\/2023\/04\/IMG_0390-id79-1-1024x683.jpg\" alt=\"\"\/><\/figure>\n\n\n\n<h3 class=\"wp-block-heading hea\">La m\u00fasica anima els esdeveniments.<\/h3>\n\n\n\n<p class=\"par\">Ho planificarem conjuntament per garantir que l\u2019esdeveniment tingui la banda sonora perfecta i un DJ experimentat que far\u00e0 que sigui memorable per a tots els convidats.<\/p>\n<\/div>\n\n\n\n<div class=\"wp-block-column is-layout-flow wp-block-column-is-layout-flow\">\n<figure class=\"wp-block-image size-large\"><img decoding=\"async\" src=\"https:\/\/www.soundworks.es\/wp-content\/uploads\/2023\/04\/Khaoula-Bouchkhi-DD_1B-2-id42-1.jpg\" alt=\"\"\/><\/figure>\n\n\n\n<h3 class=\"wp-block-heading hea\">La m\u00fasica en viu aporta estil.<\/h3>\n\n\n\n<p class=\"par\">Un grup de m\u00fasica fa que un esdeveniment sigui memorable i creen un ambient i una sonoritat propis. Soundworks disposa de m\u00fasics per millorar qualsevol esdeveniment.<\/p>\n<\/div>\n<\/div>\n<\/div><\/div>\n<\/div><\/div>\n\n\n\n<div class=\"wp-block-group\"><div class=\"wp-block-group__inner-container is-layout-constrained wp-block-group-is-layout-constrained\">\n<h2 class=\"wp-block-heading tit\" id=\"entretenimiento\">entreteniment,<\/h2>\n\n\n\n<div class=\"wp-block-group\"><div class=\"wp-block-group__inner-container is-layout-constrained wp-block-group-is-layout-constrained\">\n<div class=\"wp-block-columns is-layout-flex wp-container-core-columns-is-layout-9d6595d7 wp-block-columns-is-layout-flex\">\n<div class=\"wp-block-column is-layout-flow wp-block-column-is-layout-flow\">\n<figure class=\"wp-block-image size-large\"><img decoding=\"async\" src=\"https:\/\/www.soundworks.es\/wp-content\/uploads\/2023\/04\/Actuacion-fuego-7b-id72-1.jpg\" alt=\"\"\/><\/figure>\n\n\n\n<h3 class=\"wp-block-heading hea\">Els artistes dinamitzen<\/h3>\n\n\n\n<p class=\"par\">Els actors i m\u00fasics aporten la intimitat i el toc personal que permet captivar i distreure els convidats. Soundworks pot proporcionar entreteniment que aporti la seriositat o informalitat que requereixi cada esdeveniment.<\/p>\n<\/div>\n\n\n\n<div class=\"wp-block-column is-layout-flow wp-block-column-is-layout-flow\">\n<figure class=\"wp-block-image size-large\"><img decoding=\"async\" src=\"https:\/\/www.soundworks.es\/wp-content\/uploads\/2023\/04\/Almodis-14red-id48-1-1024x683.jpg\" alt=\"\"\/><\/figure>\n<\/div>\n\n\n\n<div class=\"wp-block-column is-layout-flow wp-block-column-is-layout-flow\">\n<figure class=\"wp-block-image size-large\"><img decoding=\"async\" src=\"https:\/\/www.soundworks.es\/wp-content\/uploads\/2023\/04\/MG_4802-id67-1-1024x683.jpg\" alt=\"\"\/><\/figure>\n<\/div>\n\n\n\n<div class=\"wp-block-column is-layout-flow wp-block-column-is-layout-flow\">\n<figure class=\"wp-block-image size-large\"><img decoding=\"async\" src=\"https:\/\/www.soundworks.es\/wp-content\/uploads\/2023\/04\/entretainers4-id14-1-1024x683.jpg\" alt=\"\"\/><\/figure>\n<\/div>\n\n\n\n<div class=\"wp-block-column is-layout-flow wp-block-column-is-layout-flow\">\n<figure class=\"wp-block-image size-large\"><img decoding=\"async\" src=\"https:\/\/www.soundworks.es\/wp-content\/uploads\/2023\/04\/MG_0038-1-id49-1-1024x683.jpg\" alt=\"\"\/><\/figure>\n<\/div>\n\n\n\n<div class=\"wp-block-column is-layout-flow wp-block-column-is-layout-flow\">\n<figure class=\"wp-block-image size-large\"><img decoding=\"async\" src=\"https:\/\/www.soundworks.es\/wp-content\/uploads\/2023\/04\/Dragqueen-fosforito-id68-1.jpg\" alt=\"\"\/><\/figure>\n<\/div>\n<\/div>\n<\/div><\/div>\n<\/div><\/div>\n\n\n\n<div class=\"wp-block-group\"><div class=\"wp-block-group__inner-container is-layout-constrained wp-block-group-is-layout-constrained\">\n<h2 class=\"wp-block-heading tit\" id=\"escenarios\">escenaris<\/h2>\n\n\n\n<div class=\"wp-block-group\"><div class=\"wp-block-group__inner-container is-layout-constrained wp-block-group-is-layout-constrained\">\n<div class=\"wp-block-columns is-layout-flex wp-container-core-columns-is-layout-9d6595d7 wp-block-columns-is-layout-flex\">\n<div class=\"wp-block-column is-layout-flow wp-block-column-is-layout-flow\">\n<figure class=\"wp-block-image size-large\"><img loading=\"lazy\" decoding=\"async\" width=\"1024\" height=\"682\" src=\"https:\/\/www.soundworks.es\/wp-content\/uploads\/2023\/05\/MG_0172B-id50-1-1024x682.jpeg\" alt=\"\" class=\"wp-image-198\" srcset=\"https:\/\/www.soundworks.es\/wp-content\/uploads\/2023\/05\/MG_0172B-id50-1-1024x682.jpeg 1024w, https:\/\/www.soundworks.es\/wp-content\/uploads\/2023\/05\/MG_0172B-id50-1-300x200.jpeg 300w, https:\/\/www.soundworks.es\/wp-content\/uploads\/2023\/05\/MG_0172B-id50-1-768x512.jpeg 768w, https:\/\/www.soundworks.es\/wp-content\/uploads\/2023\/05\/MG_0172B-id50-1-1536x1023.jpeg 1536w, https:\/\/www.soundworks.es\/wp-content\/uploads\/2023\/05\/MG_0172B-id50-1.jpeg 1621w\" sizes=\"auto, (max-width: 1024px) 100vw, 1024px\" \/><\/figure>\n\n\n\n<h3 class=\"wp-block-heading hea\">L&#8217;escenari t&#8217;assegura l&#8217;actuaci\u00f3.<\/h3>\n\n\n\n<p class=\"par\">Soundworks ofereix qualsevol tipus d&#8217;escenari o plataforma. El nostre personal garantir\u00e0 que es construeix i es desmunta r\u00e0pidament i amb la m\u00ednima interrupci\u00f3.<\/p>\n<\/div>\n\n\n\n<div class=\"wp-block-column is-layout-flow wp-block-column-is-layout-flow\">\n<figure class=\"wp-block-image size-large\"><img decoding=\"async\" src=\"https:\/\/www.soundworks.es\/wp-content\/uploads\/2023\/04\/IMG_4546-id54-1-1024x683.jpg\" alt=\"\"\/><\/figure>\n<\/div>\n\n\n\n<div class=\"wp-block-column is-layout-flow wp-block-column-is-layout-flow\">\n<figure class=\"wp-block-image size-large\"><img decoding=\"async\" src=\"https:\/\/www.soundworks.es\/wp-content\/uploads\/2023\/04\/Las-Arenas-3-id52-1-1024x683.jpg\" alt=\"\"\/><\/figure>\n<\/div>\n\n\n\n<div class=\"wp-block-column is-layout-flow wp-block-column-is-layout-flow\">\n<figure class=\"wp-block-image size-large\"><img decoding=\"async\" src=\"https:\/\/www.soundworks.es\/wp-content\/uploads\/2023\/04\/DSC_0002_16-id56-1-1024x576.jpg\" alt=\"\"\/><\/figure>\n<\/div>\n\n\n\n<div class=\"wp-block-column is-layout-flow wp-block-column-is-layout-flow\">\n<figure class=\"wp-block-image size-large\"><img decoding=\"async\" src=\"https:\/\/www.soundworks.es\/wp-content\/uploads\/2023\/04\/IMG_6227-id53-1-1024x768.jpg\" alt=\"\"\/><\/figure>\n<\/div>\n\n\n\n<div class=\"wp-block-column is-layout-flow wp-block-column-is-layout-flow\">\n<figure class=\"wp-block-image size-large\"><img decoding=\"async\" src=\"https:\/\/www.soundworks.es\/wp-content\/uploads\/2023\/04\/206-id74-1-1024x683.jpg\" alt=\"\"\/><\/figure>\n<\/div>\n<\/div>\n<\/div><\/div>\n<\/div><\/div>\n\n\n\n<div class=\"wp-block-group\"><div class=\"wp-block-group__inner-container is-layout-constrained wp-block-group-is-layout-constrained\">\n<h2 class=\"wp-block-heading tit\" id=\"iluminacion\">i il\u00b7luminaci\u00f3 decorativa,<\/h2>\n\n\n\n<div class=\"wp-block-group\"><div class=\"wp-block-group__inner-container is-layout-constrained wp-block-group-is-layout-constrained\">\n<div class=\"wp-block-columns is-layout-flex wp-container-core-columns-is-layout-9d6595d7 wp-block-columns-is-layout-flex\">\n<div class=\"wp-block-column is-layout-flow wp-block-column-is-layout-flow\">\n<figure class=\"wp-block-image size-large\"><img decoding=\"async\" src=\"https:\/\/www.soundworks.es\/wp-content\/uploads\/2023\/04\/2016-07-17-001727-copia2-id76-1-1024x768.jpg\" alt=\"\"\/><\/figure>\n\n\n\n<h3 class=\"wp-block-heading hea\">La il\u00b7luminaci\u00f3 dona un toc personal.<\/h3>\n\n\n\n<p class=\"par\">La il\u00b7luminaci\u00f3 decorativa \u00e9s el toc final que converteix l&#8217;esdeveniment en un moment molt especial. T&#8217;ajudem a transformar qualsevol espai en un lloc \u00fanic.<\/p>\n<\/div>\n\n\n\n<div class=\"wp-block-column is-layout-flow wp-block-column-is-layout-flow\">\n<figure class=\"wp-block-image size-large\"><img decoding=\"async\" src=\"https:\/\/www.soundworks.es\/wp-content\/uploads\/2023\/04\/Bolsa-iluminada-id59-1.jpg\" alt=\"\"\/><\/figure>\n<\/div>\n\n\n\n<div class=\"wp-block-column is-layout-flow wp-block-column-is-layout-flow\">\n<figure class=\"wp-block-image size-large\"><img decoding=\"async\" src=\"https:\/\/www.soundworks.es\/wp-content\/uploads\/2023\/04\/2016-07-30-211249-2-1-id63-1-1024x768.jpg\" alt=\"\"\/><\/figure>\n<\/div>\n<\/div>\n<\/div><\/div>\n<\/div><\/div>\n\n\n\n<h2 class=\"wp-block-heading tit2\">per fer del teu esdeveniment una ocasi\u00f3 \u00fanica.<\/h2>\n\n\n\n<div id=\"detalles\" class=\"wp-block-group\"><div class=\"wp-block-group__inner-container is-layout-constrained wp-block-group-is-layout-constrained\">\n<p><a href=\"mailto:info@soundworks.es\" target=\"_blank\" rel=\"noreferrer noopener\">info@soundworks.es<\/a><\/p>\n\n\n\n<p><a href=\"tel:+34936675798\">+34 936 675 798<\/a><\/p>\n\n\n\n<p><a href=\"https:\/\/www.google.com\/maps?oe=utf-8&amp;client=firefox-b-ab&amp;q=Calandries+10+Sarria+08034&amp;um=1&amp;ie=UTF-8&amp;sa=X&amp;ved=0ahUKEwjEhJKT3oreAhVDXCwKHXWfBTUQ_AUIDigB\" target=\"_blank\" rel=\"noreferrer noopener\"><em>Office:<\/em> Calandries 10<br>Sarri\u00e1 08034<\/a><\/p>\n\n\n\n<p><a href=\"https:\/\/www.google.com\/search?q=horta+10%2C+molins+de+rei&amp;rlz=1C5CHFA_enES982ES982&amp;oq=horta+10%2C+molins+de+rei&amp;gs_lcrp=EgZjaHJvbWUyBggAEEUYOTIHCAEQIRigATIHCAIQIRigAdIBBzMwM2owajeoAgCwAgA&amp;sourceid=chrome&amp;ie=UTF-8\" target=\"_blank\" rel=\"noreferrer noopener\"><em>Warehouse:&nbsp;<\/em>Horta 10<br>Molins de Rei 08750<\/a><\/p>\n<\/div><\/div>\n\n\n\n<div class=\"wp-block-group\"><div class=\"wp-block-group__inner-container is-layout-constrained wp-block-group-is-layout-constrained\">\n<div class=\"wp-block-group\"><div class=\"wp-block-group__inner-container is-layout-constrained wp-block-group-is-layout-constrained\">\n<p><\/p>\n\n\n\n<p><\/p>\n\n\n\n<p class=\"has-text-align-center has-contrast-2-color has-text-color has-link-color wp-elements-933c8e9031a99d27a75c94ae534a7aed\" style=\"font-size:12px\"><a href=\"https:\/\/www.soundworks.es\/ca\/politica-de-privacitat\/\" target=\"_blank\" rel=\"noreferrer noopener\">Pol\u00edtica de privacitat<\/a> :: <a href=\"https:\/\/www.soundworks.es\/ca\/termes-i-condicions-dus-de-la-pagina\/\" target=\"_blank\" rel=\"noreferrer noopener\">Termes i condicions d\u2019\u00fas de la p\u00e0gina<\/a> :: <a href=\"https:\/\/www.soundworks.es\/ca\/politica-de-cookies\/\" target=\"_blank\" rel=\"noreferrer noopener\">Pol\u00edtica de cookies<\/a><\/p>\n<\/div><\/div>\n<\/div><\/div>\n<\/div><\/div>\n\n\n\n<div class=\"click-on-text-hand\"><\/div>\n","protected":false},"excerpt":{"rendered":"<p>SKIP INTRO soundworks Making your event an occasion. Soundworks \u00e9s una empresa d&#8217;esdeveniments amb seu a Barcelona. La companyia t\u00e9 una \u00e0mplia experi\u00e8ncia organitzant i muntant tot tipus d&#8217;esdeveniments, des de llan\u00e7aments internacionals de productes fins a grans festes privades. Soundworks ofereix un servei personal adaptat a les necessitats de qualsevol esdeveniment. Siguin quins siguin &#8230; <a title=\"Inicio\" class=\"read-more\" href=\"https:\/\/www.soundworks.es\/ca\/\" aria-label=\"M\u00e9s informaci\u00f3 sobre Inicio\">Llegiu m\u00e9s<\/a><\/p>\n","protected":false},"author":2,"featured_media":0,"parent":0,"menu_order":0,"comment_status":"closed","ping_status":"closed","template":"","meta":{"footnotes":""},"class_list":["post-202","page","type-page","status-publish"],"_links":{"self":[{"href":"https:\/\/www.soundworks.es\/ca\/wp-json\/wp\/v2\/pages\/202","targetHints":{"allow":["GET"]}}],"collection":[{"href":"https:\/\/www.soundworks.es\/ca\/wp-json\/wp\/v2\/pages"}],"about":[{"href":"https:\/\/www.soundworks.es\/ca\/wp-json\/wp\/v2\/types\/page"}],"author":[{"embeddable":true,"href":"https:\/\/www.soundworks.es\/ca\/wp-json\/wp\/v2\/users\/2"}],"replies":[{"embeddable":true,"href":"https:\/\/www.soundworks.es\/ca\/wp-json\/wp\/v2\/comments?post=202"}],"version-history":[{"count":8,"href":"https:\/\/www.soundworks.es\/ca\/wp-json\/wp\/v2\/pages\/202\/revisions"}],"predecessor-version":[{"id":346,"href":"https:\/\/www.soundworks.es\/ca\/wp-json\/wp\/v2\/pages\/202\/revisions\/346"}],"wp:attachment":[{"href":"https:\/\/www.soundworks.es\/ca\/wp-json\/wp\/v2\/media?parent=202"}],"curies":[{"name":"wp","href":"https:\/\/api.w.org\/{rel}","templated":true}]}}