{"id":301,"date":"2023-04-25T07:13:12","date_gmt":"2023-04-25T05:13:12","guid":{"rendered":"https:\/\/www.soundworks.es\/politica-privacidad\/"},"modified":"2023-12-11T14:24:31","modified_gmt":"2023-12-11T13:24:31","slug":"politica-de-privacitat","status":"publish","type":"page","link":"https:\/\/www.soundworks.es\/ca\/politica-de-privacitat\/","title":{"rendered":"Pol\u00edtica de privacitat"},"content":{"rendered":"\n<p>Aquesta Pol\u00edtica de privacitat regeix la manera en qu\u00e8\u00a0SOUNDWORKS\u00a0PRO, S.L. recopila, utilitza, mant\u00e9 i divulga la informaci\u00f3 recopilada dels usuaris (cadascun, a \u201cUsuari\u201d) del lloc web https:\/\/www.soundworks.es\/ (\u201cLloc\u201d) . Aquesta pol\u00edtica de privacitat s&#8217;aplica al Lloc i a tots els productes i serveis oferts per\u00a0SOUNDWORKS\u00a0PRO, S.L.<\/p>\n\n\n\n<p><strong>Informaci\u00f3 d&#8217;identificaci\u00f3 personal<\/strong><\/p>\n\n\n\n<p>Podem recopilar informaci\u00f3 d&#8217;identificaci\u00f3 personal dels Usuaris de diferents maneres, fins i tot, entre altres, quan els Usuaris visiten el nostre lloc i en relaci\u00f3 amb altres activitats, serveis, caracter\u00edstiques o recursos que posem a disposici\u00f3 en el nostre Lloc. Els usuaris poden visitar el nostre lloc de manera an\u00f2nima, no demanem dades per a l&#8217;enviament de formularis. Els usuaris sempre poden negar-se a proporcionar informaci\u00f3 d&#8217;identificaci\u00f3 personal, excepte que poden impedir-los participar en unes certes activitats relacionades amb el Lloc.<\/p>\n\n\n\n<p><strong>Informaci\u00f3 d&#8217;identificaci\u00f3 no personal<\/strong><\/p>\n\n\n\n<p>Podem recopilar informaci\u00f3 no personal identificable sobre els usuaris cada vegada que interactuen amb el nostre lloc. La informaci\u00f3 d&#8217;identificaci\u00f3 no personal pot incloure el nom del navegador, el tipus de computadora i la informaci\u00f3 t\u00e8cnica sobre els usuaris de la connexi\u00f3 al nostre lloc, com el sistema operatiu i els prove\u00efdors de serveis d&#8217;Internet utilitzats i una altra informaci\u00f3 similar.<\/p>\n\n\n\n<p><strong>Cookies del navegador web<\/strong><\/p>\n\n\n\n<p>El nostre lloc pot utilitzar \u201ccookies\u201d per a millorar l&#8217;experi\u00e8ncia de l&#8217;usuari. El navegador web de l&#8217;usuari col\u00b7loca cookies en els seus discos durs per a fins de registre i, a vegades, per a rastrejar informaci\u00f3 sobre ells. L&#8217;usuari pot optar per configurar el seu navegador web per a rebutjar les cookies o per a notificar-li quan s&#8217;envien cookies. Si ho fan, tingui en compte que \u00e9s possible que algunes parts del lloc no funcionin correctament.<\/p>\n\n\n\n<p><strong>Comparteix la teva informaci\u00f3 personal<\/strong><\/p>\n\n\n\n<p>Podem compartir informaci\u00f3 demogr\u00e0fica agregada gen\u00e8rica no vinculada a cap informaci\u00f3 d&#8217;identificaci\u00f3 personal sobre visitants i usuaris amb els nostres socis comercials, afiliats de confian\u00e7a i anunciants per als fins descrits anteriorment.<\/p>\n\n\n\n<p><strong>Quins s\u00f3n els teus drets?<\/strong><\/p>\n\n\n\n<p>1) Reclamacions<\/p>\n\n\n\n<p>T\u00e9 dret a presentar una reclamaci\u00f3 davant l&#8217;Ag\u00e8ncia Espanyola de Protecci\u00f3 de Dades (http:\/\/www.agpd.es), si considera que&nbsp;SOUNDWORKS&nbsp;PRO, S.L ha violat els drets reconeguts per la normativa aplicable en mat\u00e8ria de protecci\u00f3 de dades.<\/p>\n\n\n\n<p>Pot exercir els seus drets posant-se en contacte amb nosaltres en info@soundworks.es<\/p>\n\n\n\n<p><strong>Canvis a aquesta pol\u00edtica de privacitat<\/strong><\/p>\n\n\n\n<p>SOUNDWORKS\u00a0PRO, S.L t\u00e9 la discreci\u00f3 d&#8217;actualitzar aquesta pol\u00edtica de privacitat en qualsevol moment. Quan ho fem, revisarem la data actualitzada al final d&#8217;aquesta p\u00e0gina. Recomanem als usuaris que visitin aquesta p\u00e0gina per a veure si hi ha canvis per a estar informats sobre com ajudem a protegir la informaci\u00f3 personal que recopilem. Vost\u00e8 reconeix i accepta que \u00e9s la seva responsabilitat revisar aquesta pol\u00edtica de privacitat peri\u00f2dicament i con\u00e8ixer les modificacions.<\/p>\n\n\n\n<p><strong>Contactant amb nosaltres<\/strong><\/p>\n\n\n\n<p>Si t\u00e9 alguna pregunta sobre aquesta Pol\u00edtica de privacitat, les pr\u00e0ctiques d&#8217;aquest lloc o les seves relacions amb aquest lloc, contacti&#8217;ns en:<\/p>\n\n\n\n<p>SOUNDWORKS<\/p>\n\n\n\n<p>Calandries 10 Sarri\u00e1 08034, Barcelona<\/p>\n\n\n\n<p>+34 936 675 798<\/p>\n\n\n\n<p>info@soundworks.es<\/p>\n\n\n\n<p>\u00daltima actualitzaci\u00f3: 1 de desembre de 2023<\/p>\n","protected":false},"excerpt":{"rendered":"<p>Aquesta Pol\u00edtica de privacitat regeix la manera en qu\u00e8\u00a0SOUNDWORKS\u00a0PRO, S.L. recopila, utilitza, mant\u00e9 i divulga la informaci\u00f3 recopilada dels usuaris (cadascun, a \u201cUsuari\u201d) del lloc web https:\/\/www.soundworks.es\/ (\u201cLloc\u201d) . Aquesta pol\u00edtica de privacitat s&#8217;aplica al Lloc i a tots els productes i serveis oferts per\u00a0SOUNDWORKS\u00a0PRO, S.L. Informaci\u00f3 d&#8217;identificaci\u00f3 personal Podem recopilar informaci\u00f3 d&#8217;identificaci\u00f3 personal dels &#8230; <a title=\"Pol\u00edtica de privacitat\" class=\"read-more\" href=\"https:\/\/www.soundworks.es\/ca\/politica-de-privacitat\/\" aria-label=\"M\u00e9s informaci\u00f3 sobre Pol\u00edtica de privacitat\">Llegiu m\u00e9s<\/a><\/p>\n","protected":false},"author":2,"featured_media":0,"parent":0,"menu_order":0,"comment_status":"closed","ping_status":"open","template":"","meta":{"footnotes":""},"class_list":["post-301","page","type-page","status-publish"],"_links":{"self":[{"href":"https:\/\/www.soundworks.es\/ca\/wp-json\/wp\/v2\/pages\/301","targetHints":{"allow":["GET"]}}],"collection":[{"href":"https:\/\/www.soundworks.es\/ca\/wp-json\/wp\/v2\/pages"}],"about":[{"href":"https:\/\/www.soundworks.es\/ca\/wp-json\/wp\/v2\/types\/page"}],"author":[{"embeddable":true,"href":"https:\/\/www.soundworks.es\/ca\/wp-json\/wp\/v2\/users\/2"}],"replies":[{"embeddable":true,"href":"https:\/\/www.soundworks.es\/ca\/wp-json\/wp\/v2\/comments?post=301"}],"version-history":[{"count":4,"href":"https:\/\/www.soundworks.es\/ca\/wp-json\/wp\/v2\/pages\/301\/revisions"}],"predecessor-version":[{"id":308,"href":"https:\/\/www.soundworks.es\/ca\/wp-json\/wp\/v2\/pages\/301\/revisions\/308"}],"wp:attachment":[{"href":"https:\/\/www.soundworks.es\/ca\/wp-json\/wp\/v2\/media?parent=301"}],"curies":[{"name":"wp","href":"https:\/\/api.w.org\/{rel}","templated":true}]}}