{"id":312,"date":"2023-12-01T12:20:13","date_gmt":"2023-12-01T11:20:13","guid":{"rendered":"https:\/\/www.soundworks.es\/terminos-y-condiciones-de-uso-de-la-pagina\/"},"modified":"2023-12-11T14:24:19","modified_gmt":"2023-12-11T13:24:19","slug":"termes-i-condicions-dus-de-la-pagina","status":"publish","type":"page","link":"https:\/\/www.soundworks.es\/ca\/termes-i-condicions-dus-de-la-pagina\/","title":{"rendered":"Termes i condicions d&#8217;\u00fas de la p\u00e0gina"},"content":{"rendered":"\n<h2 class=\"wp-block-heading\">1. OBJECTE<\/h2>\n\n\n\n<p>1.1. Les presents condicions legals regulen l&#8217;\u00fas i les condicions d&#8217;acc\u00e9s del lloc web https:\/\/www.soundworks.es (d&#8217;ara endavant el \u201clloc\u201d), p\u00e0gina web propietat de&nbsp;SOUNDWORKS&nbsp;PRO, S.L.<\/p>\n\n\n\n<p>1.2. L&#8217;\u00fas o l&#8217;acc\u00e9s a aquest lloc implica que vost\u00e8 (d&#8217;ara endavant \u201cusuari\u201d) reconeix haver llegit i compr\u00e8s les presents condicions legals d&#8217;\u00fas, i acorda complir-les \u00edntegrament.<\/p>\n\n\n\n<p>1.3. Si vost\u00e8 com a usuari no est\u00e0 d&#8217;acord amb alguna de les presents condicions haur\u00e0 de deixar d&#8217;accedir a aquest lloc.<\/p>\n\n\n\n<h2 class=\"wp-block-heading\"><br>2. PROPIETAT DEL LLOC<\/h2>\n\n\n\n<p>2.1. De conformitat amb la Llei 34\/2002, d&#8217;11 de juliol i altra legislaci\u00f3 aplicable l&#8217;informem que aquest lloc web https:\/\/www.soundworks.es \u00e9s propietat de l&#8217;entitat amb denominaci\u00f3 social&nbsp;SOUNDWORKS&nbsp;PRO, S.L.<\/p>\n\n\n\n<p>2.2. Aquesta entitat t\u00e9 el seu domicili social al carrer&nbsp;Calandries&nbsp;10 Sarri\u00e0 08034, Barcelona.<\/p>\n\n\n\n<p>2.3. Pot contactar amb www.soundworks.es en el n\u00famero de tel\u00e8fon +34 936 675 798 o en l&#8217;adre\u00e7a de correu electr\u00f2nic info@soundworks.es<\/p>\n\n\n\n<p>2.4. Tret que expressament s&#8217;estableixi d&#8217;una altra manera, les comunicacions amb&nbsp;SOUNDWORKS&nbsp;PRO, S.L. es podran realitzar mitjan\u00e7ant correu ordinari en l&#8217;adre\u00e7a f\u00edsica o mitjan\u00e7ant correu electr\u00f2nic. La companyia es posar\u00e0 en contacte amb l&#8217;Usuari via correu electr\u00f2nic, en l&#8217;adre\u00e7a que obri en la seva poder o li sigui facilitada sobre aquest tema.<\/p>\n\n\n\n<h2 class=\"wp-block-heading\">3. FUNCIONAMENT DEL LLOC<\/h2>\n\n\n\n<p>3.1.&nbsp;SOUNDWORKS&nbsp;PRO, S.L. es reserva el dret a modificar, en qualsevol moment, unilateralment i sense necessitat de pr\u00e8via notificaci\u00f3 als seus usuaris, els continguts, l&#8217;estructura, el funcionament o les condicions d&#8217;acc\u00e9s d&#8217;aquest lloc.<\/p>\n\n\n\n<p>3.2. No obstant aix\u00f2, els usuaris del lloc s\u00f3n conscients i accepten que part de la informaci\u00f3 continguda en ell podria ser incorrecta, estar incompleta o antiquada, o contenir errors tipogr\u00e0fics.&nbsp;SOUNDWORKS&nbsp;PRO, S.L. no est\u00e0 obligada a actualitzar el contingut d&#8217;aquest lloc i no ser\u00e0 responsable de la no actualitzaci\u00f3 de la informaci\u00f3. \u00c9s d&#8217;exclusiva responsabilitat de l&#8217;usuari avaluar l&#8217;exactitud i\/o utilitat de qualsevol informaci\u00f3, consell, opini\u00f3, o qualsevol altre contingut disponible a trav\u00e9s d&#8217;aquest lloc.<\/p>\n\n\n\n<p>3.3. Aix\u00ed mateix&nbsp;SOUNDWORKS&nbsp;PRO, S.L. es reserva el dret a suspendre temporalment, sense necessitat de previ av\u00eds, l&#8217;acc\u00e9s a aquest lloc per a realitzar operacions de manteniment, actualitzaci\u00f3, millora o de reparaci\u00f3.<\/p>\n\n\n\n<p>3.4. Est\u00e0 prohibit que l&#8217;usuari utilitzi aquest lloc web per a l&#8217;enviament, la transmissi\u00f3 o la publicaci\u00f3 de qualsevol material il\u00b7legal, amena\u00e7ador, calumni\u00f3s, difamatori, propagand\u00edstic, escandal\u00f3s, obsc\u00e8, pornogr\u00e0fic, o qualsevol altre material que pogu\u00e9s donar lloc a responsabilitats civils o penals conforme a la legislaci\u00f3 aplicable, fets aquests dels quals en qualsevol cas ser\u00e0 responsable l&#8217;usuari.<\/p>\n\n\n\n<p>3.5.&nbsp;SOUNDWORKS&nbsp;PRO, S.L. tampoc garanteix que aquest lloc web o els servidors que l&#8217;allotgen estiguin lliures de virus i d&#8217;una altra mena de programari potencialment perill\u00f3s, aix\u00ed com la disponibilitat, continu\u00eftat, utilitat i infal\u00b7libilitat del funcionament d&#8217;aquest lloc, dels seus serveis o els seus continguts; ni la licitud, fiabilitat o utilitat de la informaci\u00f3 i continguts subministrats per tercers a trav\u00e9s d&#8217;aquest lloc.<\/p>\n\n\n\n<p>3.6. Amb car\u00e0cter general nom\u00e9s podran usar aquest lloc les persones f\u00edsiques i jur\u00eddiques amb capacitat jur\u00eddica suficient d&#8217;acord amb la legislaci\u00f3 aplicable. De mode excepcional podran usar el lloc menors d&#8217;edat que hagin obtingut pr\u00e8viament l&#8217;autoritzaci\u00f3 dels seus pares o tutors legals, els quals seran responsables de l&#8217;\u00fas que el menor al seu c\u00e0rrec faci del lloc.<\/p>\n\n\n\n<h2 class=\"wp-block-heading\">4. COMPORTAMENT DELS USUARIS. PROHIBICIONS<\/h2>\n\n\n\n<p>4.1. L&#8217;\u00fas dels continguts i serveis oferts per&nbsp;SOUNDWORKS&nbsp;PRO, S.L. ser\u00e0 sota l&#8217;exclusiu risc i responsabilitat de l&#8217;usuari.<\/p>\n\n\n\n<p>4.2. La companyia no assumeix cap deure o comprom\u00eds de verificar ni de vigilar els continguts i informacions introdu\u00efts pels usuaris.<\/p>\n\n\n\n<p>4.3. L&#8217;usuari es compromet a utilitzar el lloc web i tot el seu contingut i serveis d&#8217;un mode diligent, sempre amb subjecci\u00f3 a la Llei, als bons costums, i a les presents condicions generals, mantenint sempre el respecte cap als altres usuaris.<\/p>\n\n\n\n<p>4.4. Aix\u00ed mateix, l&#8217;usuari es compromet a fer un \u00fas adequat dels materials i informacions continguts en el lloc web, no emprant-los per a realitzar activitats il\u00b7l\u00edcites o constitutives de delicte, que atemptin contra els drets de tercers, o que infringeixin la regulaci\u00f3 sobre propietat intel\u00b7lectual i industrial, o qualssevol altres normes de l&#8217;ordenament jur\u00eddic aplicable, sent l&#8217;\u00fanic responsable enfront de&nbsp;SOUNDWORKS&nbsp;PRO, S.L.\u201d i a tercers per l&#8217;incompliment de l&#8217;aqu\u00ed establert.<\/p>\n\n\n\n<p>4.5. L&#8217;usuari es compromet a no transmetre, introduir, difondre o posar a la disposici\u00f3 de tercers, qualsevol tipus de material i informaci\u00f3 contraris a la Llei, a la moral, a l&#8217;ordre p\u00fablic i a les presents condicions generals d&#8217;\u00fas.<\/p>\n\n\n\n<p>4.6. En tot cas, l&#8217;usuari haur\u00e0 d&#8217;aportar sempre una informaci\u00f3 vera\u00e7 que no pugui portar a cap mena de confusi\u00f3, aix\u00ed com dades identificatives correctes, i mai suplantant a tercers o en nom d&#8217;aquests.<\/p>\n\n\n\n<h2 class=\"wp-block-heading\">5. ZONES PROTEGIDES DEL LLOC WEB<\/h2>\n\n\n\n<p>5.1. Per a l&#8217;acc\u00e9s als serveis de\u00a0SOUNDWORKS\u00a0PRO, S.L. no ser\u00e0 necessari la subscripci\u00f3 o registre de l&#8217;usuari.<\/p>\n\n\n\n<h2 class=\"wp-block-heading\">6. PROPIETAT INTEL\u00b7LECTUAL I INDUSTRIAL<\/h2>\n\n\n\n<p>6.1. Tots els continguts del lloc, incloent, a t\u00edtol enunciatiu i no limitatiu, les marques comercials, logotips, gr\u00e0fics, imatges, arxius de so i v\u00eddeo, programari, codi de programaci\u00f3, textos, icones, i els noms que identifiquen serveis (d&#8217;ara endavant \u201cels materials\u201d) s\u00f3n propietat de&nbsp;SOUNDWORKS&nbsp;PRO, S.L. i estan protegits per la legislaci\u00f3 vigent en mat\u00e8ria de drets de propietat intel\u00b7lectual i industrial.<\/p>\n\n\n\n<p>6.2. L&#8217;acc\u00e9s de l&#8217;usuari a aquest lloc no implica cap mena de ren\u00fancia, transmissi\u00f3 ni cessi\u00f3, total o parcial, d&#8217;aquests drets de propietat, per aquesta ra\u00f3, l&#8217;acc\u00e9s a aquests continguts o elements no atorga, en cap concepte, a l&#8217;usuari la possibilitat de la seva c\u00f2pia, venda, modificaci\u00f3, reproducci\u00f3, publicaci\u00f3, cessi\u00f3, transmissi\u00f3, o creaci\u00f3 de nous productes o serveis derivats de la informaci\u00f3 i elements aqu\u00ed continguts.<\/p>\n\n\n\n<p>6.3. \u00c9s per aix\u00f2 que l&#8217;usuari d&#8217;aquest lloc no podr\u00e0, excepte pr\u00e8via autoritzaci\u00f3 expressa i per escrit de&nbsp;SOUNDWORKS&nbsp;PRO, S.L. copiar, distribuir, descarregar, modificar, suprimir, esborrar, alterar, publicar, transmetre, o aprofitar-se de qualsevol forma dels materials que cont\u00e9.<\/p>\n\n\n\n<p>6.4. L&#8217;usuari no adquireix drets o llic\u00e8ncia en relaci\u00f3 amb el servei ni els elements en aquest, excepte el dret limitat a utilitzar el servei d&#8217;acord amb les condicions aplicables. \u00danicament podr\u00e0 utilitzar els continguts o elements als quals accedeixi a trav\u00e9s dels serveis de&nbsp;SOUNDWORKS&nbsp;PRO, S.L. per al seu propi \u00fas i necessitats, obligant-se a no realitzar ni directa, ni indirectament una explotaci\u00f3 comercial, ni dels serveis, ni dels materials, elements, o informaci\u00f3 obtinguts a trav\u00e9s d&#8217;aquests.<\/p>\n\n\n\n<h2 class=\"wp-block-heading\">7. EXCLUSI\u00d3 DE GARANTIA I RESPONSABILITATS<\/h2>\n\n\n\n<p>7.1. Tota la informaci\u00f3 continguda en aquest lloc se subministra \u201ctal qual\u201d, sense que&nbsp;SOUNDWORKS&nbsp;PRO, S.L. atorgui garanties de cap classe, tant expresses com impl\u00edcites, relatives a la precisi\u00f3, fiabilitat i integritat d&#8217;aquest lloc.&nbsp;SOUNDWORKS&nbsp;PRO, S.L. no atorga cap garantia, expl\u00edcita o impl\u00edcita, incloent, a t\u00edtol enunciatiu i no limitatiu, garanties per incompliment de qualitat, de comerciabilitat o d&#8217;idone\u00eftat per a un fi determinat.<\/p>\n\n\n\n<p>7.2.&nbsp;SOUNDWORKS&nbsp;PRO, S.L. tampoc garanteix que aquest lloc web, o els servidors que l&#8217;allotgen, estiguin lliures de virus i d&#8217;altres tipus de programari potencialment perill\u00f3s.<\/p>\n\n\n\n<p>7.3.&nbsp;SOUNDWORKS&nbsp;PRO, S.L. no garanteix la disponibilitat, continu\u00eftat, utilitat i infal\u00b7libilitat del funcionament d&#8217;aquest lloc, dels seus serveis o dels seus continguts; ni la fiabilitat o utilitat de la informaci\u00f3 i continguts subministrats per tercers a trav\u00e9s d&#8217;aquest lloc. Malgrat que&nbsp;SOUNDWORKS&nbsp;PRO, S.L. realitza tot esfor\u00e7 raonable per a garantir la disponibilitat, acc\u00e9s, continu\u00eftat, i infal\u00b7libilitat del funcionament i dels seus serveis,&nbsp;SOUNDWORKS&nbsp;PRO, S.L. no garanteix les mateixes, perqu\u00e8 poden veure&#8217;s interferides per nombrosos factors aliens a ella. En conseq\u00fc\u00e8ncia, no ser\u00e0 responsable, (amb els l\u00edmits establerts en l&#8217;ordenament jur\u00eddic vigent), pels danys i perjudicis de tota naturalesa causats a l&#8217;usuari a conseq\u00fc\u00e8ncia de la citada indisponibilitat, fallades d&#8217;acc\u00e9s i falta de continu\u00eftat.<\/p>\n\n\n\n<h2 class=\"wp-block-heading\">8. LIMITACI\u00d3 DE RESPONSABILITAT<\/h2>\n\n\n\n<p>8.1.&nbsp;SOUNDWORKS&nbsp;PRO, S.L. no es responsabilitzar\u00e0 en cap forma de qualsevol mal directe o indirecte, lucre cessant o p\u00e8rdua de dades i \/o clients que es derivin de l&#8217;\u00fas per part dels usuaris o de la impossibilitat d&#8217;\u00fas d&#8217;aquest lloc web.<\/p>\n\n\n\n<p>8.2. Aquest lloc pot contenir vincles hipertextuals (\u201cLinks\u201d) i remissions a altres llocs i p\u00e0gines web que poden no estar controlats per&nbsp;SOUNDWORKS&nbsp;PRO, S.L., en aquests casos&nbsp;SOUNDWORKS&nbsp;PRO, S.L. no es responsabilitzar\u00e0 dels continguts que puguin apar\u00e8ixer en aquestes p\u00e0gines.<\/p>\n\n\n\n<p>8.3. L&#8217;usuari accepta expressament deixar exempta a&nbsp;SOUNDWORKS&nbsp;PRO, S.L. de qualsevol responsabilitat dels actes o omissions de l&#8217;usuaris basades en els continguts allotjats en aquest lloc.<\/p>\n\n\n\n<p>8.4. L&#8217;usuari ent\u00e9n i accepta expressament que qualsevol tipus de contingut, programari o qualsevol altre tipus de material, que descarregui o obtingui de qualsevol altra forma a trav\u00e9s d&#8217;aquest lloc es realitza pel seu compte i risc, i que ell com a usuari ser\u00e0 l&#8217;\u00fanic responsable de qualsevol mal o p\u00e8rdua de dades causades als seus sistemes inform\u00e0tics.<\/p>\n\n\n\n<p>8.5.&nbsp;SOUNDWORKS&nbsp;PRO, S.L. ha posat tots els mitjans raonables per a assegurar que la informaci\u00f3 que cont\u00e9 aquest lloc \u00e9s correcta. No obstant aix\u00f2, els usuaris del lloc accepten con\u00e8ixer que part de la informaci\u00f3 continguda en aquest lloc podria ser incorrecta, estar incompleta o antiquada, o contenir errors.<\/p>\n\n\n\n<h2 class=\"wp-block-heading\">9. DRET D&#8217;EXCLUSI\u00d3 I NUL\u00b7LITAT PARCIAL<\/h2>\n\n\n\n<p>9.1.&nbsp;SOUNDWORKS&nbsp;PRO, S.L. es reserva el dret de cancel\u00b7lar, eliminar, o desautoritzar la utilitzaci\u00f3 de tots o algun dels serveis del lloc web a qualsevol usuari sense necessitat de previ av\u00eds si al seu criteri, i en qualsevol tipus de circumst\u00e0ncia, aquest estigu\u00e9s realitzant un \u00fas incorrecte d&#8217;aquest.<\/p>\n\n\n\n<p>9.2. Si un Tribunal competent resol que qualsevol de les disposicions contingudes en aquestes condicions legals \u00e9s il\u00b7l\u00edcita o nul\u00b7la, tal disposici\u00f3 ser\u00e0 exclosa si aix\u00ed es requer\u00eds legalment. L&#8217;usuari accepta expressament que la resta de les disposicions no excloses no es veuran modificades, i que continuaran tenint plena vig\u00e8ncia.<\/p>\n\n\n\n<h2 class=\"wp-block-heading\">10. LLEI APLICABLE I JURISDICCI\u00d3<\/h2>\n\n\n\n<p>10.1 Aquest lloc est\u00e0 situat i \u00e9s operat des d&#8217;Espanya. Totes les q\u00fcestions relatives a aquest lloc es regeixen per les lleis espanyoles i se sotmeten a la jurisdicci\u00f3 dels Jutjats i Tribunals competents d&#8217;Espanya, sense que siguin aplicable els principis sobre conflicte de lleis. En aquells casos en qu\u00e8 l&#8217;usuari no tingui la condici\u00f3 de consumidor, o que tingui el seu domicili fora d&#8217;Espanya,&nbsp;SOUNDWORKS&nbsp;PRO, S.L. i l&#8217;usuari se sotmetran als Jutjats i Tribunals, amb ren\u00fancia expressa a qualsevol altre fur que pogu\u00e9s correspondre&#8217;ls.<\/p>\n\n\n\n<p>10.2. Si l&#8217;usuari decideix utilitzar o consultar aquest lloc des de fora d&#8217;Espanya, haur\u00e0 de tenir present que el fa per pr\u00f2pia iniciativa, i que \u00e9s responsable del compliment de les lleis locals pertinents.<\/p>\n\n\n\n<h2 class=\"wp-block-heading\">11. DURADA I REVISI\u00d3<\/h2>\n\n\n\n<p>11.1. Malgrat que la relaci\u00f3 jur\u00eddica entre&nbsp;SOUNDWORKS&nbsp;PRO, S.L. i l&#8217;usuari, derivada de l&#8217;acc\u00e9s i utilitzaci\u00f3 del lloc, t\u00e9 una durada indefinida, aquesta es considerar\u00e0 finalitzada en el moment que la companyia modifiqui les presents condicions generals. En el moment en el qual la companyia anunci\u00ef la modificaci\u00f3 de les condicions generals, i l&#8217;usuari accedeixi i utilitzi els serveis i continguts del lloc, es considerar\u00e0 iniciada una nova relaci\u00f3 jur\u00eddica entre totes dues parts de car\u00e0cter igualment indefinit.<\/p>\n\n\n\n<p>12.2. Sense perjudici de l&#8217;anterior, l&#8217;empresa&nbsp;SOUNDWORKS&nbsp;PRO, S.L. est\u00e0 facultada per a suspendre, interrompre, o donar per finalitzada de mode unilateral, en qualsevol moment i sense necessitat de preav\u00eds ni justa causa, la prestaci\u00f3 de qualsevol dels serveis que ofereix.<\/p>\n\n\n\n<p>12.3.&nbsp;SOUNDWORKS&nbsp;PRO, S.L. es reserva el dret a revisar, unilateralment i sense previ av\u00eds, les presents condicions d&#8217;\u00fas en qualsevol moment. Les condicions revisades entraran en vigor tan aviat quedin publicades en aquest lloc. Si l&#8217;usuari fa \u00fas habitual d&#8217;aquest lloc haur\u00e0 de revisar les condicions amb regularitat, i s&#8217;abstindr\u00e0 d&#8217;accedir al lloc si no consider\u00e9s acceptables qualsevol de les condicions revisades.<\/p>\n","protected":false},"excerpt":{"rendered":"<p>1. OBJECTE 1.1. Les presents condicions legals regulen l&#8217;\u00fas i les condicions d&#8217;acc\u00e9s del lloc web https:\/\/www.soundworks.es (d&#8217;ara endavant el \u201clloc\u201d), p\u00e0gina web propietat de&nbsp;SOUNDWORKS&nbsp;PRO, S.L. 1.2. L&#8217;\u00fas o l&#8217;acc\u00e9s a aquest lloc implica que vost\u00e8 (d&#8217;ara endavant \u201cusuari\u201d) reconeix haver llegit i compr\u00e8s les presents condicions legals d&#8217;\u00fas, i acorda complir-les \u00edntegrament. 1.3. Si &#8230; <a title=\"Termes i condicions d&#8217;\u00fas de la p\u00e0gina\" class=\"read-more\" href=\"https:\/\/www.soundworks.es\/ca\/termes-i-condicions-dus-de-la-pagina\/\" aria-label=\"M\u00e9s informaci\u00f3 sobre Termes i condicions d&#8217;\u00fas de la p\u00e0gina\">Llegiu m\u00e9s<\/a><\/p>\n","protected":false},"author":2,"featured_media":0,"parent":0,"menu_order":0,"comment_status":"closed","ping_status":"closed","template":"","meta":{"footnotes":""},"class_list":["post-312","page","type-page","status-publish"],"_links":{"self":[{"href":"https:\/\/www.soundworks.es\/ca\/wp-json\/wp\/v2\/pages\/312","targetHints":{"allow":["GET"]}}],"collection":[{"href":"https:\/\/www.soundworks.es\/ca\/wp-json\/wp\/v2\/pages"}],"about":[{"href":"https:\/\/www.soundworks.es\/ca\/wp-json\/wp\/v2\/types\/page"}],"author":[{"embeddable":true,"href":"https:\/\/www.soundworks.es\/ca\/wp-json\/wp\/v2\/users\/2"}],"replies":[{"embeddable":true,"href":"https:\/\/www.soundworks.es\/ca\/wp-json\/wp\/v2\/comments?post=312"}],"version-history":[{"count":3,"href":"https:\/\/www.soundworks.es\/ca\/wp-json\/wp\/v2\/pages\/312\/revisions"}],"predecessor-version":[{"id":319,"href":"https:\/\/www.soundworks.es\/ca\/wp-json\/wp\/v2\/pages\/312\/revisions\/319"}],"wp:attachment":[{"href":"https:\/\/www.soundworks.es\/ca\/wp-json\/wp\/v2\/media?parent=312"}],"curies":[{"name":"wp","href":"https:\/\/api.w.org\/{rel}","templated":true}]}}